{"id":423,"date":"2024-09-30T10:47:55","date_gmt":"2024-09-30T15:47:55","guid":{"rendered":"https:\/\/gpisas.net\/?page_id=423"},"modified":"2025-09-30T13:14:31","modified_gmt":"2025-09-30T18:14:31","slug":"politica-de-promocion-y-prevencion-de-la-salud","status":"publish","type":"page","link":"https:\/\/gpisas.net\/es\/politica-de-promocion-y-prevencion-de-la-salud\/","title":{"rendered":"Pol\u00edtica de Promoci\u00f3n y Prevenci\u00f3n de la Salud"},"content":{"rendered":"\t\t<div data-elementor-type=\"wp-page\" data-elementor-id=\"423\" class=\"elementor elementor-423\" data-elementor-post-type=\"page\">\n\t\t\t\t<div class=\"elementor-element elementor-element-c182b94 e-flex e-con-boxed e-con e-parent\" data-id=\"c182b94\" data-element_type=\"container\">\n\t\t\t\t\t<div class=\"e-con-inner\">\n\t\t\t\t<div class=\"elementor-element elementor-element-4550183 elementor-widget elementor-widget-pdfjs-viewer\" data-id=\"4550183\" data-element_type=\"widget\" data-widget_type=\"pdfjs-viewer.default\">\n\t\t\t\t<div class=\"elementor-widget-container\">\n\t\t\t\t\t<iframe width=\"\" height=\"700\" src=\"https:\/\/gpisas.net\/wp-content\/plugins\/pdfjs-viewer-for-elementor\/\/assets\/js\/pdfjs\/web\/viewer.html?file=https:\/\/gpisas.net\/wp-content\/uploads\/2025\/09\/PL-06-POLITICA-DE-PREVENCION-DEL-ACOSO-SEXUAL-IGUALDAD-Y-NO-DISCR.-LABORAL.pdf\"><\/iframe>\t\t\t\t<\/div>\n\t\t\t\t<\/div>\n\t\t\t\t\t<\/div>\n\t\t\t\t<\/div>\n\t\t\t\t<\/div>\n\t\t","protected":false},"excerpt":{"rendered":"","protected":false},"author":1,"featured_media":0,"parent":0,"menu_order":0,"comment_status":"closed","ping_status":"closed","template":"elementor_header_footer","meta":{"footnotes":""},"class_list":["post-423","page","type-page","status-publish","hentry"],"_links":{"self":[{"href":"https:\/\/gpisas.net\/es\/wp-json\/wp\/v2\/pages\/423","targetHints":{"allow":["GET"]}}],"collection":[{"href":"https:\/\/gpisas.net\/es\/wp-json\/wp\/v2\/pages"}],"about":[{"href":"https:\/\/gpisas.net\/es\/wp-json\/wp\/v2\/types\/page"}],"author":[{"embeddable":true,"href":"https:\/\/gpisas.net\/es\/wp-json\/wp\/v2\/users\/1"}],"replies":[{"embeddable":true,"href":"https:\/\/gpisas.net\/es\/wp-json\/wp\/v2\/comments?post=423"}],"version-history":[{"count":10,"href":"https:\/\/gpisas.net\/es\/wp-json\/wp\/v2\/pages\/423\/revisions"}],"predecessor-version":[{"id":507,"href":"https:\/\/gpisas.net\/es\/wp-json\/wp\/v2\/pages\/423\/revisions\/507"}],"wp:attachment":[{"href":"https:\/\/gpisas.net\/es\/wp-json\/wp\/v2\/media?parent=423"}],"curies":[{"name":"wp","href":"https:\/\/api.w.org\/{rel}","templated":true}]}}